{"id":988157,"date":"2025-09-09T21:30:32","date_gmt":"2025-09-09T18:30:32","guid":{"rendered":"https:\/\/asteleanto.com\/?page_id=988157"},"modified":"2025-09-09T21:30:45","modified_gmt":"2025-09-09T18:30:45","slug":"politica-de-cookies","status":"publish","type":"page","link":"https:\/\/asteleanto.com\/de\/politica-de-cookies\/","title":{"rendered":"Politica de Cookies"},"content":{"rendered":"<div data-elementor-type=\"wp-page\" data-elementor-id=\"988157\" class=\"elementor elementor-988157\">\n\t\t\t\t\t\t\t\t\t<section class=\"elementor-section elementor-top-section elementor-element elementor-element-1c700401 elementor-section-boxed elementor-section-height-default elementor-section-height-default\" data-id=\"1c700401\" data-element_type=\"section\">\n\t\t\t\t\t\t<div class=\"elementor-container elementor-column-gap-default\">\n\t\t\t\t\t<div class=\"elementor-column elementor-col-100 elementor-top-column elementor-element elementor-element-70c6c985\" data-id=\"70c6c985\" data-element_type=\"column\">\n\t\t\t<div class=\"elementor-widget-wrap elementor-element-populated\">\n\t\t\t\t\t\t\t\t<div class=\"elementor-element elementor-element-1763aed7 elementor-widget elementor-widget-text-editor\" data-id=\"1763aed7\" data-element_type=\"widget\" data-widget_type=\"text-editor.default\">\n\t\t\t\t<div class=\"elementor-widget-container\">\n\t\t\t<style>\/*! elementor - v3.13.3 - 28-05-2023 *\/\n.elementor-widget-text-editor.elementor-drop-cap-view-stacked .elementor-drop-cap{background-color:#69727d;color:#fff}.elementor-widget-text-editor.elementor-drop-cap-view-framed .elementor-drop-cap{color:#69727d;border:3px solid;background-color:transparent}.elementor-widget-text-editor:not(.elementor-drop-cap-view-default) .elementor-drop-cap{margin-top:8px}.elementor-widget-text-editor:not(.elementor-drop-cap-view-default) .elementor-drop-cap-letter{width:1em;height:1em}.elementor-widget-text-editor .elementor-drop-cap{float:left;text-align:center;line-height:1;font-size:50px}.elementor-widget-text-editor .elementor-drop-cap-letter{display:inline-block}<\/style>\t\t\t\t<p class=\"p1\">Aceast\u0103 Politic\u0103 de Cookies explic\u0103 modul \u00een care <span class=\"s1\"><b>Asteleanto.com<\/b><\/span> utilizeaz\u0103 fi\u0219ierele cookie \u0219i tehnologii similare pe site-ul nostru. Prin continuarea navig\u0103rii, \u00ee\u021bi exprimi acordul cu privire la folosirea cookie-urilor, conform prezentei politici.<\/p><h4><b>Ce sunt cookie-urile<\/b><\/h4><p class=\"p1\">Cookie-urile sunt fi\u0219iere mici de text stocate pe dispozitivul t\u0103u (computer, tablet\u0103, telefon) atunci c\u00e2nd vizitezi un site web. Ele permit recunoa\u0219terea dispozitivului \u0219i ajut\u0103 la \u00eembun\u0103t\u0103\u021birea experien\u021bei de navigare.<\/p><h4><b>Tipuri de cookie-uri folosite<\/b><\/h4><ul><li><p class=\"p1\"><span class=\"s1\"><b>Cookie-uri esen\u021biale<\/b><\/span> \u2013 necesare pentru func\u021bionarea corect\u0103 a site-ului.<\/p><\/li><li><p class=\"p1\"><span class=\"s1\"><b>Cookie-uri de analiz\u0103 \u0219i performan\u021b\u0103<\/b><\/span> \u2013 ne ajut\u0103 s\u0103 \u00een\u021belegem cum este utilizat site-ul \u0219i s\u0103 \u00eembun\u0103t\u0103\u021bim con\u021binutul \u0219i func\u021bionalitatea.<\/p><\/li><li><p class=\"p1\"><span class=\"s1\"><b>Cookie-uri de preferin\u021be<\/b><\/span> \u2013 re\u021bin anumite op\u021biuni (ex.: limb\u0103, set\u0103ri de afi\u0219are).<\/p><\/li><\/ul><p class=\"p1\"><i>Not\u0103: \u00een prezent, Asteleanto.com utilizeaz\u0103 doar cookie-uri esen\u021biale \u0219i\/sau de analiz\u0103, f\u0103r\u0103 a colecta informa\u021bii personale sensibile.<\/i><i><\/i><\/p><h4><b>Cum po\u021bi controla cookie-urile<\/b><\/h4><p class=\"p1\">Po\u021bi seta browserul t\u0103u s\u0103 blocheze sau s\u0103 te avertizeze cu privire la cookie-uri. Totu\u0219i, dezactivarea acestora poate afecta func\u021bionalitatea site-ului.<\/p><p class=\"p1\">Instruc\u021biuni utile pentru administrarea cookie-urilor sunt disponibile aici:<\/p><ul><li><p class=\"p1\"><a href=\"https:\/\/support.google.com\/chrome\/answer\/95647\">Google Chrome<\/a><\/p><\/li><li><p class=\"p1\"><a href=\"https:\/\/support.mozilla.org\/ro\/kb\/cookie-uri-informatii-si-setari\">Mozilla Firefox<\/a><\/p><\/li><li><p class=\"p1\"><a href=\"https:\/\/support.microsoft.com\/help\/4027947\">Microsoft Edge<\/a><\/p><\/li><li><p class=\"p1\"><a href=\"https:\/\/support.apple.com\/guide\/safari\/manage-cookies-and-website-data-sfri11471\/mac\">Safari<\/a><\/p><\/li><\/ul><h4><b>Modific\u0103ri ale politicii<\/b><\/h4><p class=\"p1\">Asteleanto.com \u00ee\u0219i rezerv\u0103 dreptul de a modifica aceast\u0103 Politic\u0103 de Cookies oric\u00e2nd. Orice actualizare va fi publicat\u0103 pe site.<\/p><h4><b>Kontakt<\/b><\/h4><p class=\"p1\">Pentru \u00eentreb\u0103ri legate de utilizarea cookie-urilor, ne po\u021bi scrie la:<\/p><p class=\"p4\"><span class=\"s3\">\ud83d\udce9 <\/span><b>hello@asteleanto.com<\/b><\/p>\t\t\t\t\t\t<\/div>\n\t\t\t\t<\/div>\n\t\t\t\t\t<\/div>\n\t\t<\/div>\n\t\t\t\t\t\t\t<\/div>\n\t\t<\/section>\n\t\t\t\t\t\t\t<\/div>","protected":false},"excerpt":{"rendered":"<p>Aceast\u0103 Politic\u0103 de Cookies explic\u0103 modul \u00een care Asteleanto.com utilizeaz\u0103 fi\u0219ierele cookie \u0219i tehnologii similare pe site-ul nostru. Prin continuarea navig\u0103rii, \u00ee\u021bi exprimi acordul cu privire la folosirea cookie-urilor, conform prezentei politici. Ce sunt cookie-urile Cookie-urile sunt fi\u0219iere mici de text stocate pe dispozitivul t\u0103u (computer, tablet\u0103, telefon) atunci c\u00e2nd vizitezi un site web. Ele&#8230;<\/p>","protected":false},"author":1,"featured_media":0,"parent":0,"menu_order":0,"comment_status":"closed","ping_status":"closed","template":"","meta":{"footnotes":""},"class_list":["post-988157","page","type-page","status-publish","hentry"],"_links":{"self":[{"href":"https:\/\/asteleanto.com\/de\/wp-json\/wp\/v2\/pages\/988157","targetHints":{"allow":["GET"]}}],"collection":[{"href":"https:\/\/asteleanto.com\/de\/wp-json\/wp\/v2\/pages"}],"about":[{"href":"https:\/\/asteleanto.com\/de\/wp-json\/wp\/v2\/types\/page"}],"author":[{"embeddable":true,"href":"https:\/\/asteleanto.com\/de\/wp-json\/wp\/v2\/users\/1"}],"replies":[{"embeddable":true,"href":"https:\/\/asteleanto.com\/de\/wp-json\/wp\/v2\/comments?post=988157"}],"version-history":[{"count":4,"href":"https:\/\/asteleanto.com\/de\/wp-json\/wp\/v2\/pages\/988157\/revisions"}],"predecessor-version":[{"id":988161,"href":"https:\/\/asteleanto.com\/de\/wp-json\/wp\/v2\/pages\/988157\/revisions\/988161"}],"wp:attachment":[{"href":"https:\/\/asteleanto.com\/de\/wp-json\/wp\/v2\/media?parent=988157"}],"curies":[{"name":"wp","href":"https:\/\/api.w.org\/{rel}","templated":true}]}}