{"id":988152,"date":"2025-09-09T21:30:03","date_gmt":"2025-09-09T18:30:03","guid":{"rendered":"https:\/\/asteleanto.com\/?page_id=988152"},"modified":"2025-09-09T21:30:14","modified_gmt":"2025-09-09T18:30:14","slug":"politica-de-confidentialitate","status":"publish","type":"page","link":"https:\/\/asteleanto.com\/de\/politica-de-confidentialitate\/","title":{"rendered":"Politica de Confiden\u021bialitate"},"content":{"rendered":"<div data-elementor-type=\"wp-page\" data-elementor-id=\"988152\" class=\"elementor elementor-988152\">\n\t\t\t\t\t\t\t\t\t<section class=\"elementor-section elementor-top-section elementor-element elementor-element-1c700401 elementor-section-boxed elementor-section-height-default elementor-section-height-default\" data-id=\"1c700401\" data-element_type=\"section\">\n\t\t\t\t\t\t<div class=\"elementor-container elementor-column-gap-default\">\n\t\t\t\t\t<div class=\"elementor-column elementor-col-100 elementor-top-column elementor-element elementor-element-70c6c985\" data-id=\"70c6c985\" data-element_type=\"column\">\n\t\t\t<div class=\"elementor-widget-wrap elementor-element-populated\">\n\t\t\t\t\t\t\t\t<div class=\"elementor-element elementor-element-1763aed7 elementor-widget elementor-widget-text-editor\" data-id=\"1763aed7\" data-element_type=\"widget\" data-widget_type=\"text-editor.default\">\n\t\t\t\t<div class=\"elementor-widget-container\">\n\t\t\t<style>\/*! elementor - v3.13.3 - 28-05-2023 *\/\n.elementor-widget-text-editor.elementor-drop-cap-view-stacked .elementor-drop-cap{background-color:#69727d;color:#fff}.elementor-widget-text-editor.elementor-drop-cap-view-framed .elementor-drop-cap{color:#69727d;border:3px solid;background-color:transparent}.elementor-widget-text-editor:not(.elementor-drop-cap-view-default) .elementor-drop-cap{margin-top:8px}.elementor-widget-text-editor:not(.elementor-drop-cap-view-default) .elementor-drop-cap-letter{width:1em;height:1em}.elementor-widget-text-editor .elementor-drop-cap{float:left;text-align:center;line-height:1;font-size:50px}.elementor-widget-text-editor .elementor-drop-cap-letter{display:inline-block}<\/style>\t\t\t\t<p class=\"p1\">Aceast\u0103 Politic\u0103 de Confiden\u021bialitate descrie modul \u00een care <span class=\"s1\"><b>Asteleanto.com<\/b><\/span> colecteaz\u0103, utilizeaz\u0103 \u0219i protejeaz\u0103 datele tale personale atunci c\u00e2nd vizitezi site-ul nostru \u0219i\/sau ne contactezi prin email.<\/p><h4><b>Date colectate<\/b><\/h4><p class=\"p1\">Prin intermediul site-ului colect\u0103m doar datele pe care ni le furnizezi voluntar atunci c\u00e2nd ne contactezi (ex.: nume, adres\u0103 de email, informa\u021bii incluse \u00een mesajul trimis).<\/p><h4><b>Scopul utiliz\u0103rii datelor<\/b><\/h4><p class=\"p1\">Datele colectate sunt utilizate exclusiv pentru:<\/p><ul><li><p class=\"p1\">a r\u0103spunde solicit\u0103rilor tale transmise prin email;<\/p><\/li><li><p class=\"p1\">a men\u021bine comunicarea cu tine \u00een leg\u0103tur\u0103 cu serviciile solicitate;<\/p><\/li><li><p class=\"p1\">respectarea eventualelor obliga\u021bii legale.<\/p><\/li><\/ul><h4><b>Stocarea \u0219i securitatea datelor<\/b><\/h4><p class=\"p1\">Datele tale sunt p\u0103strate \u00een condi\u021bii de siguran\u021b\u0103 \u0219i nu vor fi v\u00e2ndute, \u00eenchiriate sau divulgate c\u0103tre ter\u021bi, dec\u00e2t \u00een situa\u021biile prev\u0103zute de lege.<\/p><h4><b>Drepturile tale<\/b><\/h4><p class=\"p1\">Conform legisla\u021biei aplicabile (GDPR), ai urm\u0103toarele drepturi:<\/p><ul><li><p class=\"p1\">dreptul de acces la datele tale;<\/p><\/li><li><p class=\"p1\">dreptul de rectificare sau \u0219tergere a acestora;<\/p><\/li><li><p class=\"p1\">dreptul de a restric\u021biona prelucrarea;<\/p><\/li><li><p class=\"p1\">dreptul la portabilitatea datelor;<\/p><\/li><li><p class=\"p1\">dreptul de opozi\u021bie fa\u021b\u0103 de prelucrare;<\/p><\/li><li><p class=\"p1\">dreptul de a depune o pl\u00e2ngere la autoritatea de supraveghere (ANSPDCP).<\/p><\/li><\/ul><p class=\"p1\">Pentru exercitarea acestor drepturi ne po\u021bi contacta la <span class=\"s1\"><b>hello@asteleanto.com<\/b><\/span>.<\/p><h4><b>Linkuri externe<\/b><\/h4><p class=\"p1\">Site-ul poate con\u021bine linkuri c\u0103tre alte website-uri. <span class=\"s1\"><b>Asteleanto.com<\/b><\/span> nu \u00ee\u0219i asum\u0103 responsabilitatea pentru practicile de confiden\u021bialitate ale acestor site-uri externe.<\/p><h4><b>Modific\u0103ri ale politicii<\/b><\/h4><p class=\"p1\">Asteleanto.com \u00ee\u0219i rezerv\u0103 dreptul de a modifica aceast\u0103 Politic\u0103 de Confiden\u021bialitate oric\u00e2nd. Orice modificare va fi publicat\u0103 pe aceast\u0103 pagin\u0103.<\/p><h4><b>Kontakt<\/b><\/h4><p class=\"p1\">Pentru \u00eentreb\u0103ri legate de protec\u021bia datelor personale, ne po\u021bi scrie la:<\/p><p class=\"p4\"><span class=\"s3\">\ud83d\udce9 <\/span><b>hello@asteleanto.com<\/b><\/p>\t\t\t\t\t\t<\/div>\n\t\t\t\t<\/div>\n\t\t\t\t\t<\/div>\n\t\t<\/div>\n\t\t\t\t\t\t\t<\/div>\n\t\t<\/section>\n\t\t\t\t\t\t\t<\/div>","protected":false},"excerpt":{"rendered":"<p>Aceast\u0103 Politic\u0103 de Confiden\u021bialitate descrie modul \u00een care Asteleanto.com colecteaz\u0103, utilizeaz\u0103 \u0219i protejeaz\u0103 datele tale personale atunci c\u00e2nd vizitezi site-ul nostru \u0219i\/sau ne contactezi prin email. Date colectate Prin intermediul site-ului colect\u0103m doar datele pe care ni le furnizezi voluntar atunci c\u00e2nd ne contactezi (ex.: nume, adres\u0103 de email, informa\u021bii incluse \u00een mesajul trimis). Scopul&#8230;<\/p>","protected":false},"author":1,"featured_media":0,"parent":0,"menu_order":0,"comment_status":"closed","ping_status":"closed","template":"","meta":{"footnotes":""},"class_list":["post-988152","page","type-page","status-publish","hentry"],"_links":{"self":[{"href":"https:\/\/asteleanto.com\/de\/wp-json\/wp\/v2\/pages\/988152","targetHints":{"allow":["GET"]}}],"collection":[{"href":"https:\/\/asteleanto.com\/de\/wp-json\/wp\/v2\/pages"}],"about":[{"href":"https:\/\/asteleanto.com\/de\/wp-json\/wp\/v2\/types\/page"}],"author":[{"embeddable":true,"href":"https:\/\/asteleanto.com\/de\/wp-json\/wp\/v2\/users\/1"}],"replies":[{"embeddable":true,"href":"https:\/\/asteleanto.com\/de\/wp-json\/wp\/v2\/comments?post=988152"}],"version-history":[{"count":4,"href":"https:\/\/asteleanto.com\/de\/wp-json\/wp\/v2\/pages\/988152\/revisions"}],"predecessor-version":[{"id":988156,"href":"https:\/\/asteleanto.com\/de\/wp-json\/wp\/v2\/pages\/988152\/revisions\/988156"}],"wp:attachment":[{"href":"https:\/\/asteleanto.com\/de\/wp-json\/wp\/v2\/media?parent=988152"}],"curies":[{"name":"wp","href":"https:\/\/api.w.org\/{rel}","templated":true}]}}