{"id":988146,"date":"2025-09-09T21:28:18","date_gmt":"2025-09-09T18:28:18","guid":{"rendered":"https:\/\/asteleanto.com\/?page_id=988146"},"modified":"2025-09-09T21:29:22","modified_gmt":"2025-09-09T18:29:22","slug":"termeni-si-conditii","status":"publish","type":"page","link":"https:\/\/asteleanto.com\/de\/termeni-si-conditii\/","title":{"rendered":"Termeni \u0219i Condi\u021bii"},"content":{"rendered":"<div data-elementor-type=\"wp-page\" data-elementor-id=\"988146\" class=\"elementor elementor-988146\">\n\t\t\t\t\t\t\t\t\t<section class=\"elementor-section elementor-top-section elementor-element elementor-element-1c700401 elementor-section-boxed elementor-section-height-default elementor-section-height-default\" data-id=\"1c700401\" data-element_type=\"section\">\n\t\t\t\t\t\t<div class=\"elementor-container elementor-column-gap-default\">\n\t\t\t\t\t<div class=\"elementor-column elementor-col-100 elementor-top-column elementor-element elementor-element-70c6c985\" data-id=\"70c6c985\" data-element_type=\"column\">\n\t\t\t<div class=\"elementor-widget-wrap elementor-element-populated\">\n\t\t\t\t\t\t\t\t<div class=\"elementor-element elementor-element-1763aed7 elementor-widget elementor-widget-text-editor\" data-id=\"1763aed7\" data-element_type=\"widget\" data-widget_type=\"text-editor.default\">\n\t\t\t\t<div class=\"elementor-widget-container\">\n\t\t\t<style>\/*! elementor - v3.13.3 - 28-05-2023 *\/\n.elementor-widget-text-editor.elementor-drop-cap-view-stacked .elementor-drop-cap{background-color:#69727d;color:#fff}.elementor-widget-text-editor.elementor-drop-cap-view-framed .elementor-drop-cap{color:#69727d;border:3px solid;background-color:transparent}.elementor-widget-text-editor:not(.elementor-drop-cap-view-default) .elementor-drop-cap{margin-top:8px}.elementor-widget-text-editor:not(.elementor-drop-cap-view-default) .elementor-drop-cap-letter{width:1em;height:1em}.elementor-widget-text-editor .elementor-drop-cap{float:left;text-align:center;line-height:1;font-size:50px}.elementor-widget-text-editor .elementor-drop-cap-letter{display:inline-block}<\/style>\t\t\t\t<p class=\"p1\">Bine ai venit pe <span class=\"s1\"><b>Asteleanto.com<\/b><\/span>. Te rug\u0103m s\u0103 cite\u0219ti cu aten\u021bie ace\u0219ti Termeni \u0219i Condi\u021bii \u00eenainte de a utiliza website-ul \u0219i serviciile noastre. Accesarea \u0219i utilizarea acestui site implic\u0103 acceptarea integral\u0103 a prezentelor prevederi.<\/p><h4><b>Operatorul site-ului<\/b><\/h4><p class=\"p1\">Website-ul <span class=\"s1\"><b>Asteleanto.com<\/b><\/span> este de\u021binut \u0219i administrat de Asteleanto.com. Pentru orice \u00eentreb\u0103ri sau solicit\u0103ri ne po\u021bi contacta la adresa de email: <span class=\"s1\"><b>hello@asteleanto.com<\/b><\/span>.<\/p><h4><b>Servicii oferite<\/b><\/h4><p class=\"p1\">Serviciile prezentate pe site pot fi consultate \u00een sec\u021biunea <a href=\"https:\/\/asteleanto.com\/de\/servicii\/\">Dienstleistungen<\/a>. Acestea sunt furnizate exclusiv \u00een baza unei solicit\u0103ri directe din partea clientului, prin email sau alte canale de contact.<\/p><h4><b>Modalit\u0103\u021bi de plat\u0103<\/b><\/h4><p class=\"p1\">Plata serviciilor se realizeaz\u0103 exclusiv prin <span class=\"s1\"><b>transfer bancar<\/b><\/span>, dup\u0103 contactarea \u0219i confirmarea personal\u0103 cu reprezentantul Asteleanto.com. Detaliile de plat\u0103 vor fi furnizate individual, prin email, dup\u0103 stabilirea unei colabor\u0103ri.<\/p><h4><b>Livrare<\/b><\/h4><p class=\"p1\">Serviciile noastre sunt de natur\u0103 <span class=\"s1\"><b>intangibil\u0103 (digital\u0103\/consultant\u0103)<\/b><\/span>, astfel c\u0103 nu implic\u0103 livrarea de produse fizice.<\/p><h4><b>Politica de retur<\/b><\/h4><p class=\"p1\">Odat\u0103 contractate \u0219i achitate, serviciile nu pot fi returnate \u0219i nu fac obiectul unei politici de rambursare.<\/p><h4><b>Limitarea r\u0103spunderii<\/b><\/h4><p class=\"p1\">Asteleanto.com depune toate eforturile pentru ca informa\u021biile prezentate pe site s\u0103 fie corecte \u0219i actualizate. Totu\u0219i, nu putem garanta c\u0103 descrierile sau con\u021binutul sunt lipsite de erori. Utilizatorul accept\u0103 c\u0103 folose\u0219te site-ul \u0219i serviciile pe propriul risc.<\/p><h4><b>Drepturi de proprietate intelectual\u0103<\/b><\/h4><p class=\"p1\">Con\u021binutul site-ului (texte, imagini, materiale grafice, design, logo) este proprietatea Asteleanto.com \u0219i nu poate fi utilizat sau reprodus f\u0103r\u0103 acordul nostru prealabil \u00een scris.<\/p><h4><b>Modificarea termenilor<\/b><\/h4><p class=\"p1\">Asteleanto.com \u00ee\u0219i rezerv\u0103 dreptul de a modifica sau actualiza ace\u0219ti Termeni \u0219i Condi\u021bii oric\u00e2nd, f\u0103r\u0103 o notificare prealabil\u0103. Versiunea actualizat\u0103 va fi disponibil\u0103 pe site.<\/p><h4><b>Kontakt<\/b><\/h4><p class=\"p1\">Pentru \u00eentreb\u0103ri legate de ace\u0219ti Termeni \u0219i Condi\u021bii ne po\u021bi scrie la:<\/p><p class=\"p4\"><span class=\"s3\">\ud83d\udce9 <\/span><b>hello@asteleanto.com<\/b><\/p>\t\t\t\t\t\t<\/div>\n\t\t\t\t<\/div>\n\t\t\t\t\t<\/div>\n\t\t<\/div>\n\t\t\t\t\t\t\t<\/div>\n\t\t<\/section>\n\t\t\t\t\t\t\t<\/div>","protected":false},"excerpt":{"rendered":"<p>Bine ai venit pe Asteleanto.com. Te rug\u0103m s\u0103 cite\u0219ti cu aten\u021bie ace\u0219ti Termeni \u0219i Condi\u021bii \u00eenainte de a utiliza website-ul \u0219i serviciile noastre. Accesarea \u0219i utilizarea acestui site implic\u0103 acceptarea integral\u0103 a prezentelor prevederi. Operatorul site-ului Website-ul Asteleanto.com este de\u021binut \u0219i administrat de Asteleanto.com. Pentru orice \u00eentreb\u0103ri sau solicit\u0103ri ne po\u021bi contacta la adresa de&#8230;<\/p>","protected":false},"author":1,"featured_media":0,"parent":0,"menu_order":0,"comment_status":"closed","ping_status":"closed","template":"","meta":{"footnotes":""},"class_list":["post-988146","page","type-page","status-publish","hentry"],"_links":{"self":[{"href":"https:\/\/asteleanto.com\/de\/wp-json\/wp\/v2\/pages\/988146","targetHints":{"allow":["GET"]}}],"collection":[{"href":"https:\/\/asteleanto.com\/de\/wp-json\/wp\/v2\/pages"}],"about":[{"href":"https:\/\/asteleanto.com\/de\/wp-json\/wp\/v2\/types\/page"}],"author":[{"embeddable":true,"href":"https:\/\/asteleanto.com\/de\/wp-json\/wp\/v2\/users\/1"}],"replies":[{"embeddable":true,"href":"https:\/\/asteleanto.com\/de\/wp-json\/wp\/v2\/comments?post=988146"}],"version-history":[{"count":4,"href":"https:\/\/asteleanto.com\/de\/wp-json\/wp\/v2\/pages\/988146\/revisions"}],"predecessor-version":[{"id":988150,"href":"https:\/\/asteleanto.com\/de\/wp-json\/wp\/v2\/pages\/988146\/revisions\/988150"}],"wp:attachment":[{"href":"https:\/\/asteleanto.com\/de\/wp-json\/wp\/v2\/media?parent=988146"}],"curies":[{"name":"wp","href":"https:\/\/api.w.org\/{rel}","templated":true}]}}