{"id":987958,"date":"2024-12-12T14:47:36","date_gmt":"2024-12-12T14:47:36","guid":{"rendered":"https:\/\/asteleanto.com\/?page_id=987958"},"modified":"2025-01-22T22:25:20","modified_gmt":"2025-01-22T20:25:20","slug":"programeaza-te-acum","status":"publish","type":"page","link":"https:\/\/asteleanto.com\/de\/programeaza-te-acum\/","title":{"rendered":"Jetzt planen"},"content":{"rendered":"<div data-elementor-type=\"wp-page\" data-elementor-id=\"987958\" class=\"elementor elementor-987958\">\n\t\t\t\t\t\t\t\t\t<section class=\"elementor-section elementor-top-section elementor-element elementor-element-c748e6e elementor-section-boxed elementor-section-height-default elementor-section-height-default\" data-id=\"c748e6e\" data-element_type=\"section\" data-settings=\"{&quot;background_background&quot;:&quot;classic&quot;}\">\n\t\t\t\t\t\t<div class=\"elementor-container elementor-column-gap-no\">\n\t\t\t\t\t<div class=\"elementor-column elementor-col-100 elementor-top-column elementor-element elementor-element-d605dfd animated-slow elementor-invisible\" data-id=\"d605dfd\" data-element_type=\"column\" data-settings=\"{&quot;animation&quot;:&quot;fadeIn&quot;,&quot;animation_delay&quot;:100}\">\n\t\t\t<div class=\"elementor-widget-wrap elementor-element-populated\">\n\t\t\t\t\t\t\t\t<div class=\"elementor-element elementor-element-cfa745b elementor-hidden-tablet elementor-hidden-mobile elementor-widget elementor-widget-heading\" data-id=\"cfa745b\" data-element_type=\"widget\" data-widget_type=\"heading.default\">\n\t\t\t\t<div class=\"elementor-widget-container\">\n\t\t\t<style>\/*! elementor - v3.13.3 - 28-05-2023 *\/\n.elementor-heading-title{padding:0;margin:0;line-height:1}.elementor-widget-heading .elementor-heading-title[class*=elementor-size-]>a{color:inherit;font-size:inherit;line-height:inherit}.elementor-widget-heading .elementor-heading-title.elementor-size-small{font-size:15px}.elementor-widget-heading .elementor-heading-title.elementor-size-medium{font-size:19px}.elementor-widget-heading .elementor-heading-title.elementor-size-large{font-size:29px}.elementor-widget-heading .elementor-heading-title.elementor-size-xl{font-size:39px}.elementor-widget-heading .elementor-heading-title.elementor-size-xxl{font-size:59px}<\/style><h2 class=\"elementor-heading-title elementor-size-default\">Lass uns reden!<\/h2>\t\t<\/div>\n\t\t\t\t<\/div>\n\t\t\t\t<div class=\"elementor-element elementor-element-8f4e98d elementor-widget__width-initial elementor-widget elementor-widget-heading\" data-id=\"8f4e98d\" data-element_type=\"widget\" data-widget_type=\"heading.default\">\n\t\t\t\t<div class=\"elementor-widget-container\">\n\t\t\t<h2 class=\"elementor-heading-title elementor-size-default\">COMPLETEAZ\u0102 FORMULARUL DE MAI JOS \u015eI PROGRAMEAZ\u0102-TE LA O CONSULTAN\u0162\u0102 PERSONALIZAT\u0102<\/h2>\t\t<\/div>\n\t\t\t\t<\/div>\n\t\t\t\t<div class=\"elementor-element elementor-element-b1ff36b elementor-view-default elementor-invisible elementor-widget elementor-widget-icon\" data-id=\"b1ff36b\" data-element_type=\"widget\" data-settings=\"{&quot;_animation&quot;:&quot;rotateIn&quot;,&quot;_animation_delay&quot;:200}\" data-widget_type=\"icon.default\">\n\t\t\t\t<div class=\"elementor-widget-container\">\n\t\t\t\t\t<div class=\"elementor-icon-wrapper\">\n\t\t\t<div class=\"elementor-icon\">\n\t\t\t<i aria-hidden=\"true\" class=\"vamtamtheme- vamtam-theme-slash\"><\/i>\t\t\t<\/div>\n\t\t<\/div>\n\t\t\t\t<\/div>\n\t\t\t\t<\/div>\n\t\t\t\t\t<\/div>\n\t\t<\/div>\n\t\t\t\t\t\t\t<\/div>\n\t\t<\/section>\n\t\t\t\t<section class=\"elementor-section elementor-top-section elementor-element elementor-element-5d1b360 elementor-reverse-mobile elementor-section-height-full elementor-section-boxed elementor-section-height-default elementor-section-items-middle\" data-id=\"5d1b360\" data-element_type=\"section\">\n\t\t\t\t\t\t<div class=\"elementor-container elementor-column-gap-no\">\n\t\t\t\t\t<div class=\"elementor-column elementor-col-100 elementor-top-column elementor-element elementor-element-e5ad093\" data-id=\"e5ad093\" data-element_type=\"column\">\n\t\t\t<div class=\"elementor-widget-wrap elementor-element-populated\">\n\t\t\t\t\t\t\t\t<div class=\"elementor-element elementor-element-5d12e10 elementor-widget elementor-widget-shortcode\" data-id=\"5d12e10\" data-element_type=\"widget\" data-widget_type=\"shortcode.default\">\n\t\t\t\t<div class=\"elementor-widget-container\">\n\t\t\t\t\t<div class=\"elementor-shortcode\"><!-- Calendly inline widget begin -->\n<div class=\"calendly-inline-widget\" data-url=\"https:\/\/calendly.com\/a_antoaneta\/30min?hide_event_type_details=1&hide_gdpr_banner=1&text_color=535353&primary_color=1a1a1a\" style=\"min-width:320px;height:700px;\"><\/div>\n<script type=\"text\/javascript\" src=\"https:\/\/assets.calendly.com\/assets\/external\/widget.js\" async><\/script>\n<!-- Calendly inline widget end --><\/div>\n\t\t\t\t<\/div>\n\t\t\t\t<\/div>\n\t\t\t\t\t<\/div>\n\t\t<\/div>\n\t\t\t\t\t\t\t<\/div>\n\t\t<\/section>\n\t\t\t\t\t\t\t<\/div>","protected":false},"excerpt":{"rendered":"<p>hai sa discutam! COMPLETEAZ\u0102 FORMULARUL DE MAI JOS \u015eI PROGRAMEAZ\u0102-TE LA O CONSULTAN\u0162\u0102 PERSONALIZAT\u0102<\/p>","protected":false},"author":1,"featured_media":0,"parent":0,"menu_order":0,"comment_status":"closed","ping_status":"closed","template":"","meta":{"footnotes":""},"class_list":["post-987958","page","type-page","status-publish","hentry"],"_links":{"self":[{"href":"https:\/\/asteleanto.com\/de\/wp-json\/wp\/v2\/pages\/987958","targetHints":{"allow":["GET"]}}],"collection":[{"href":"https:\/\/asteleanto.com\/de\/wp-json\/wp\/v2\/pages"}],"about":[{"href":"https:\/\/asteleanto.com\/de\/wp-json\/wp\/v2\/types\/page"}],"author":[{"embeddable":true,"href":"https:\/\/asteleanto.com\/de\/wp-json\/wp\/v2\/users\/1"}],"replies":[{"embeddable":true,"href":"https:\/\/asteleanto.com\/de\/wp-json\/wp\/v2\/comments?post=987958"}],"version-history":[{"count":25,"href":"https:\/\/asteleanto.com\/de\/wp-json\/wp\/v2\/pages\/987958\/revisions"}],"predecessor-version":[{"id":988127,"href":"https:\/\/asteleanto.com\/de\/wp-json\/wp\/v2\/pages\/987958\/revisions\/988127"}],"wp:attachment":[{"href":"https:\/\/asteleanto.com\/de\/wp-json\/wp\/v2\/media?parent=987958"}],"curies":[{"name":"wp","href":"https:\/\/api.w.org\/{rel}","templated":true}]}}