{"id":886,"date":"2021-04-12T08:13:06","date_gmt":"2021-04-12T08:13:06","guid":{"rendered":"https:\/\/lafeminite.vamtam.com\/?page_id=886"},"modified":"2025-09-09T21:15:26","modified_gmt":"2025-09-09T18:15:26","slug":"despre-mine","status":"publish","type":"page","link":"https:\/\/asteleanto.com\/de\/despre-mine\/","title":{"rendered":"Willkommen in meiner Welt!"},"content":{"rendered":"<div data-elementor-type=\"wp-page\" data-elementor-id=\"886\" class=\"elementor elementor-886\">\n\t\t\t\t\t\t\t\t\t<section class=\"elementor-section elementor-top-section elementor-element elementor-element-7a6c1fd elementor-section-boxed elementor-section-height-default elementor-section-height-default\" data-id=\"7a6c1fd\" data-element_type=\"section\" data-settings=\"{&quot;background_background&quot;:&quot;classic&quot;}\">\n\t\t\t\t\t\t<div class=\"elementor-container elementor-column-gap-no\">\n\t\t\t\t\t<div class=\"elementor-column elementor-col-100 elementor-top-column elementor-element elementor-element-aada304 animated-slow elementor-invisible\" data-id=\"aada304\" data-element_type=\"column\" data-settings=\"{&quot;animation&quot;:&quot;fadeIn&quot;,&quot;animation_delay&quot;:100}\">\n\t\t\t<div class=\"elementor-widget-wrap elementor-element-populated\">\n\t\t\t\t\t\t\t\t<div class=\"elementor-element elementor-element-5754534 elementor-widget elementor-widget-heading\" data-id=\"5754534\" data-element_type=\"widget\" data-widget_type=\"heading.default\">\n\t\t\t\t<div class=\"elementor-widget-container\">\n\t\t\t<style>\/*! elementor - v3.13.3 - 28-05-2023 *\/\n.elementor-heading-title{padding:0;margin:0;line-height:1}.elementor-widget-heading .elementor-heading-title[class*=elementor-size-]>a{color:inherit;font-size:inherit;line-height:inherit}.elementor-widget-heading .elementor-heading-title.elementor-size-small{font-size:15px}.elementor-widget-heading .elementor-heading-title.elementor-size-medium{font-size:19px}.elementor-widget-heading .elementor-heading-title.elementor-size-large{font-size:29px}.elementor-widget-heading .elementor-heading-title.elementor-size-xl{font-size:39px}.elementor-widget-heading .elementor-heading-title.elementor-size-xxl{font-size:59px}<\/style><h2 class=\"elementor-heading-title elementor-size-default\">Hallo!<\/h2>\t\t<\/div>\n\t\t\t\t<\/div>\n\t\t\t\t<div class=\"elementor-element elementor-element-74f0474 elementor-widget elementor-widget-heading\" data-id=\"74f0474\" data-element_type=\"widget\" data-widget_type=\"heading.default\">\n\t\t\t\t<div class=\"elementor-widget-container\">\n\t\t\t<h1 class=\"elementor-heading-title elementor-size-default\">Ich bin Anto<\/h1>\t\t<\/div>\n\t\t\t\t<\/div>\n\t\t\t\t\t<\/div>\n\t\t<\/div>\n\t\t\t\t\t\t\t<\/div>\n\t\t<\/section>\n\t\t\t\t<section class=\"elementor-section elementor-top-section elementor-element elementor-element-7b4c72c elementor-reverse-mobile elementor-section-boxed elementor-section-height-default elementor-section-height-default\" data-id=\"7b4c72c\" data-element_type=\"section\" data-settings=\"{&quot;background_background&quot;:&quot;classic&quot;}\">\n\t\t\t\t\t\t<div class=\"elementor-container elementor-column-gap-no\">\n\t\t\t\t\t<div class=\"elementor-column elementor-col-50 elementor-top-column elementor-element elementor-element-32f9338\" data-id=\"32f9338\" data-element_type=\"column\">\n\t\t\t<div class=\"elementor-widget-wrap elementor-element-populated\">\n\t\t\t\t\t\t\t\t<div class=\"elementor-element elementor-element-a03382a elementor-widget elementor-widget-spacer\" data-id=\"a03382a\" data-element_type=\"widget\" data-widget_type=\"spacer.default\">\n\t\t\t\t<div class=\"elementor-widget-container\">\n\t\t\t<style>\/*! elementor - v3.13.3 - 28-05-2023 *\/\n.elementor-column .elementor-spacer-inner{height:var(--spacer-size)}.e-con{--container-widget-width:100%}.e-con-inner>.elementor-widget-spacer,.e-con>.elementor-widget-spacer{width:var(--container-widget-width,var(--spacer-size));--align-self:var(--container-widget-align-self,initial);--flex-shrink:0}.e-con-inner>.elementor-widget-spacer>.elementor-widget-container,.e-con-inner>.elementor-widget-spacer>.elementor-widget-container>.elementor-spacer,.e-con>.elementor-widget-spacer>.elementor-widget-container,.e-con>.elementor-widget-spacer>.elementor-widget-container>.elementor-spacer{height:100%}.e-con-inner>.elementor-widget-spacer>.elementor-widget-container>.elementor-spacer>.elementor-spacer-inner,.e-con>.elementor-widget-spacer>.elementor-widget-container>.elementor-spacer>.elementor-spacer-inner{height:var(--container-widget-height,var(--spacer-size))}<\/style>\t\t<div class=\"elementor-spacer\">\n\t\t\t<div class=\"elementor-spacer-inner\"><\/div>\n\t\t<\/div>\n\t\t\t\t<\/div>\n\t\t\t\t<\/div>\n\t\t\t\t\t<\/div>\n\t\t<\/div>\n\t\t\t\t<div class=\"elementor-column elementor-col-50 elementor-top-column elementor-element elementor-element-da03192\" data-id=\"da03192\" data-element_type=\"column\">\n\t\t\t<div class=\"elementor-widget-wrap elementor-element-populated\">\n\t\t\t\t\t\t\t\t<div class=\"elementor-element elementor-element-e850cff elementor-view-default elementor-invisible elementor-widget elementor-widget-icon\" data-id=\"e850cff\" data-element_type=\"widget\" data-settings=\"{&quot;_animation&quot;:&quot;rotateIn&quot;,&quot;_animation_delay&quot;:200}\" data-widget_type=\"icon.default\">\n\t\t\t\t<div class=\"elementor-widget-container\">\n\t\t\t\t\t<div class=\"elementor-icon-wrapper\">\n\t\t\t<div class=\"elementor-icon\">\n\t\t\t<i aria-hidden=\"true\" class=\"vamtamtheme- vamtam-theme-slash\"><\/i>\t\t\t<\/div>\n\t\t<\/div>\n\t\t\t\t<\/div>\n\t\t\t\t<\/div>\n\t\t\t\t<div class=\"vamtam-has-theme-widget-styles elementor-element elementor-element-fde9b10 elementor-invisible elementor-widget elementor-widget-image\" data-id=\"fde9b10\" data-element_type=\"widget\" data-settings=\"{&quot;_animation&quot;:&quot;imageGrowWithScaleBottom&quot;,&quot;_animation_tablet&quot;:&quot;none&quot;,&quot;_animation_mobile&quot;:&quot;none&quot;}\" data-widget_type=\"image.default\">\n\t\t\t\t<div class=\"elementor-widget-container\">\n\t\t\t<style>\/*! elementor - v3.13.3 - 28-05-2023 *\/\n.elementor-widget-image{text-align:center}.elementor-widget-image a{display:inline-block}.elementor-widget-image a img[src$=\".svg\"]{width:48px}.elementor-widget-image img{vertical-align:middle;display:inline-block}<\/style>\t\t\t\t<div class=\"elementor-image\">\n\t\t\t\t\t\t\t\t\t\t\t<div class=\"vamtam-image-wrapper\">\n\t\t\t\t\t\t\t\t\t\t\t\t\t\t\t\t\t\t\t\t\t<img loading=\"lazy\" decoding=\"async\" width=\"755\" height=\"1024\" src=\"https:\/\/asteleanto.com\/wp-content\/uploads\/2024\/11\/PHOTO-2024-11-11-23-34-50-755x1024.jpg\" class=\"attachment-large size-large wp-image-987833\" alt=\"\" srcset=\"https:\/\/asteleanto.com\/wp-content\/uploads\/2024\/11\/PHOTO-2024-11-11-23-34-50-755x1024.jpg 755w, https:\/\/asteleanto.com\/wp-content\/uploads\/2024\/11\/PHOTO-2024-11-11-23-34-50-221x300.jpg 221w, https:\/\/asteleanto.com\/wp-content\/uploads\/2024\/11\/PHOTO-2024-11-11-23-34-50-768x1041.jpg 768w, https:\/\/asteleanto.com\/wp-content\/uploads\/2024\/11\/PHOTO-2024-11-11-23-34-50-630x854.jpg 630w, https:\/\/asteleanto.com\/wp-content\/uploads\/2024\/11\/PHOTO-2024-11-11-23-34-50-315x427.jpg 315w, https:\/\/asteleanto.com\/wp-content\/uploads\/2024\/11\/PHOTO-2024-11-11-23-34-50.jpg 956w\" sizes=\"auto, (max-width: 755px) 100vw, 755px\" \/>\t\t\t\t\t\t\t\t\t\t\t\t\t\t\t\t\t\t\t\t\t\t\t\t\t\t<\/div>\n\t\t\t\t\t\t\t\t\t<\/div>\n\t\t\t\t\t\t<\/div>\n\t\t\t\t<\/div>\n\t\t\t\t\t<\/div>\n\t\t<\/div>\n\t\t\t\t\t\t\t<\/div>\n\t\t<\/section>\n\t\t\t\t<section class=\"elementor-section elementor-top-section elementor-element elementor-element-d6ffe40 elementor-section-content-middle elementor-section-boxed elementor-section-height-default elementor-section-height-default\" data-id=\"d6ffe40\" data-element_type=\"section\">\n\t\t\t\t\t\t<div class=\"elementor-container elementor-column-gap-no\">\n\t\t\t\t\t<div class=\"elementor-column elementor-col-50 elementor-top-column elementor-element elementor-element-23e7af8 elementor-invisible\" data-id=\"23e7af8\" data-element_type=\"column\" data-settings=\"{&quot;animation&quot;:&quot;fadeIn&quot;}\">\n\t\t\t<div class=\"elementor-widget-wrap elementor-element-populated\">\n\t\t\t\t\t\t\t\t<div class=\"elementor-element elementor-element-3935181 elementor-widget elementor-widget-text-editor\" data-id=\"3935181\" data-element_type=\"widget\" data-widget_type=\"text-editor.default\">\n\t\t\t\t<div class=\"elementor-widget-container\">\n\t\t\t<style>\/*! elementor - v3.13.3 - 28-05-2023 *\/\n.elementor-widget-text-editor.elementor-drop-cap-view-stacked .elementor-drop-cap{background-color:#69727d;color:#fff}.elementor-widget-text-editor.elementor-drop-cap-view-framed .elementor-drop-cap{color:#69727d;border:3px solid;background-color:transparent}.elementor-widget-text-editor:not(.elementor-drop-cap-view-default) .elementor-drop-cap{margin-top:8px}.elementor-widget-text-editor:not(.elementor-drop-cap-view-default) .elementor-drop-cap-letter{width:1em;height:1em}.elementor-widget-text-editor .elementor-drop-cap{float:left;text-align:center;line-height:1;font-size:50px}.elementor-widget-text-editor .elementor-drop-cap-letter{display:inline-block}<\/style>\t\t\t\t<p>Ein Entdecker der Sch\u00f6nheit, der Geheimnisse des Lebens und der Wahrheit hinter dem Schein. Ich bin kreativ, neugierig und habe einen unersch\u00fctterlichen Glauben an die Kraft der Seele. Das Leben hat mich mit intensiven, manchmal schmerzhaften Erfahrungen herausgefordert, aber tief in meinem Inneren wusste ich immer, dass sich hinter jeder Pr\u00fcfung eine wertvolle Lektion verbirgt, die mich meinem Wesen und meinem einzigartigen Potenzial n\u00e4herbringen soll.<\/p><p>Ich glaube an Magie, an Wunder und an unsere F\u00e4higkeit zur Verwandlung. Ich liebe die Natur, die Stille des Waldes, Musik, Fotografie, Radfahren und Gespr\u00e4che, die die Seele ber\u00fchren. In meiner Arbeit liebe ich es, T\u00fcren zu \u00f6ffnen, Magie zu schaffen, Sie zu inspirieren, sich daran zu erinnern, wer Sie sind, und die beste Version Ihrer selbst zu leben. Die gr\u00f6\u00dfte Belohnung ist f\u00fcr mich, wenn ich Ihnen einen Mehrwert bieten kann und Sie eine Sitzung bei mir anders verlassen, als Sie sie betreten haben.<\/p><p>Wenn Sie das Gef\u00fchl haben, mit meiner Energie in Resonanz zu treten und bereit f\u00fcr eine authentische Reise zu Ihrem Selbst sind, bin ich hier, um Sie zu unterst\u00fctzen. Kontaktieren Sie mich und gemeinsam k\u00f6nnen wir Ihnen neue Horizonte er\u00f6ffnen. Danke f\u00fcr Ihr Vertrauen!<\/p>\t\t\t\t\t\t<\/div>\n\t\t\t\t<\/div>\n\t\t\t\t\t<\/div>\n\t\t<\/div>\n\t\t\t\t<div class=\"elementor-column elementor-col-50 elementor-top-column elementor-element elementor-element-1396e40\" data-id=\"1396e40\" data-element_type=\"column\">\n\t\t\t<div class=\"elementor-widget-wrap elementor-element-populated\">\n\t\t\t\t\t\t\t\t<div class=\"vamtam-has-theme-widget-styles elementor-element elementor-element-37c40d4 elementor-invisible elementor-widget elementor-widget-image\" data-id=\"37c40d4\" data-element_type=\"widget\" data-settings=\"{&quot;_animation&quot;:&quot;imageGrowWithScaleBottom&quot;,&quot;_animation_tablet&quot;:&quot;none&quot;}\" data-widget_type=\"image.default\">\n\t\t\t\t<div class=\"elementor-widget-container\">\n\t\t\t\t\t\t\t<div class=\"elementor-image\">\n\t\t\t\t\t\t\t\t\t\t\t<div class=\"vamtam-image-wrapper\">\n\t\t\t\t\t\t\t\t\t\t\t\t\t\t\t\t\t\t\t\t\t<img loading=\"lazy\" decoding=\"async\" width=\"1000\" height=\"1000\" src=\"https:\/\/asteleanto.com\/wp-content\/uploads\/2024\/12\/s9.webp\" class=\"attachment-full size-full wp-image-987949\" alt=\"\" srcset=\"https:\/\/asteleanto.com\/wp-content\/uploads\/2024\/12\/s9.webp 1000w, https:\/\/asteleanto.com\/wp-content\/uploads\/2024\/12\/s9-300x300.webp 300w, https:\/\/asteleanto.com\/wp-content\/uploads\/2024\/12\/s9-150x150.webp 150w, https:\/\/asteleanto.com\/wp-content\/uploads\/2024\/12\/s9-768x768.webp 768w, https:\/\/asteleanto.com\/wp-content\/uploads\/2024\/12\/s9-630x630.webp 630w, https:\/\/asteleanto.com\/wp-content\/uploads\/2024\/12\/s9-315x315.webp 315w\" sizes=\"auto, (max-width: 1000px) 100vw, 1000px\" \/>\t\t\t\t\t\t\t\t\t\t\t\t\t\t\t\t\t\t\t\t\t\t\t\t\t\t<\/div>\n\t\t\t\t\t\t\t\t\t<\/div>\n\t\t\t\t\t\t<\/div>\n\t\t\t\t<\/div>\n\t\t\t\t\t<\/div>\n\t\t<\/div>\n\t\t\t\t\t\t\t<\/div>\n\t\t<\/section>\n\t\t\t\t<section class=\"elementor-section elementor-top-section elementor-element elementor-element-f6ccb38 elementor-section-content-middle elementor-reverse-mobile elementor-section-boxed elementor-section-height-default elementor-section-height-default\" data-id=\"f6ccb38\" data-element_type=\"section\">\n\t\t\t\t\t\t<div class=\"elementor-container elementor-column-gap-no\">\n\t\t\t\t\t<div class=\"elementor-column elementor-col-50 elementor-top-column elementor-element elementor-element-0388c0a\" data-id=\"0388c0a\" data-element_type=\"column\">\n\t\t\t<div class=\"elementor-widget-wrap elementor-element-populated\">\n\t\t\t\t\t\t\t\t<div class=\"vamtam-has-theme-widget-styles elementor-element elementor-element-7553bfe elementor-invisible elementor-widget elementor-widget-image\" data-id=\"7553bfe\" data-element_type=\"widget\" data-settings=\"{&quot;_animation&quot;:&quot;imageGrowWithScaleBottom&quot;,&quot;_animation_tablet&quot;:&quot;none&quot;}\" data-widget_type=\"image.default\">\n\t\t\t\t<div class=\"elementor-widget-container\">\n\t\t\t\t\t\t\t<div class=\"elementor-image\">\n\t\t\t\t\t\t\t\t\t\t\t<div class=\"vamtam-image-wrapper\">\n\t\t\t\t\t\t\t\t\t\t\t\t\t\t\t\t\t\t\t\t\t<img loading=\"lazy\" decoding=\"async\" width=\"1000\" height=\"1000\" src=\"https:\/\/asteleanto.com\/wp-content\/uploads\/2024\/12\/s10.webp\" class=\"attachment-large size-large wp-image-987950\" alt=\"\" srcset=\"https:\/\/asteleanto.com\/wp-content\/uploads\/2024\/12\/s10.webp 1000w, https:\/\/asteleanto.com\/wp-content\/uploads\/2024\/12\/s10-300x300.webp 300w, https:\/\/asteleanto.com\/wp-content\/uploads\/2024\/12\/s10-150x150.webp 150w, https:\/\/asteleanto.com\/wp-content\/uploads\/2024\/12\/s10-768x768.webp 768w, https:\/\/asteleanto.com\/wp-content\/uploads\/2024\/12\/s10-630x630.webp 630w, https:\/\/asteleanto.com\/wp-content\/uploads\/2024\/12\/s10-315x315.webp 315w\" sizes=\"auto, (max-width: 1000px) 100vw, 1000px\" \/>\t\t\t\t\t\t\t\t\t\t\t\t\t\t\t\t\t\t\t\t\t\t\t\t\t\t<\/div>\n\t\t\t\t\t\t\t\t\t<\/div>\n\t\t\t\t\t\t<\/div>\n\t\t\t\t<\/div>\n\t\t\t\t\t<\/div>\n\t\t<\/div>\n\t\t\t\t<div class=\"elementor-column elementor-col-50 elementor-top-column elementor-element elementor-element-d4eaa44 elementor-invisible\" data-id=\"d4eaa44\" data-element_type=\"column\" data-settings=\"{&quot;animation&quot;:&quot;fadeIn&quot;}\">\n\t\t\t<div class=\"elementor-widget-wrap elementor-element-populated\">\n\t\t\t\t\t\t\t\t<div class=\"elementor-element elementor-element-8530034 elementor-widget elementor-widget-text-editor\" data-id=\"8530034\" data-element_type=\"widget\" data-widget_type=\"text-editor.default\">\n\t\t\t\t<div class=\"elementor-widget-container\">\n\t\t\t\t\t\t\t<p>Wenn Sie das Gef\u00fchl haben, dass es an der Zeit ist, Ihr volles Potenzial auszuleben, sich selbst besser kennenzulernen und sich von den Blockaden zu befreien, die Sie einschr\u00e4nken, bin ich hier, um Sie zu f\u00fchren. Ich unterst\u00fctze Sie mit Freundlichkeit und Einf\u00fchlungsverm\u00f6gen und begleite Sie auf dieser Reise.\u00a0<\/p><p>Mein Weg war nicht immer einfach und deshalb verstehe ich Ihre Suche und Ihren Wunsch, Antworten zu finden. Ich habe schwere Zeiten und schwere Verluste erlebt, aber irgendwo tief in mir drin hatte ich immer das Gef\u00fchl, dass es einen Weg gibt, jede Krise zu \u00fcberwinden. Ich wusste intuitiv, dass alle Pr\u00fcfungen des Lebens wichtige Lektionen f\u00fcr meine Seele mit sich bringen. In diesen Momenten des Scheidewegs f\u00fchlte ich g\u00f6ttliche F\u00fchrung und wusste, dass alles, was geschieht, mir auf die eine oder andere Weise dient und mich meinem Wesen n\u00e4her bringt.\u00a0<\/p><p>Heute stelle ich mit offenem Herzen und dem Optimismus, der mich schon immer begleitet hat, mein Wissen und meine Erfahrung denen zur Verf\u00fcgung, die wie ich auf der Suche nach sich selbst sind.<\/p><p>K\u00f6nnen Sie sich dieser Berufung anschlie\u00dfen? Wenn die Antwort ja ist, z\u00f6gern Sie nicht, mich zu kontaktieren. Ich bin dankbar, Sie auf Ihrem Weg begleiten zu d\u00fcrfen. Bitte denken Sie daran, dass Sie ein Wunder sind und es verdienen, Ihr volles Potenzial auszuleben! JETZT!<\/p>\t\t\t\t\t\t<\/div>\n\t\t\t\t<\/div>\n\t\t\t\t\t<\/div>\n\t\t<\/div>\n\t\t\t\t\t\t\t<\/div>\n\t\t<\/section>\n\t\t\t\t<section class=\"elementor-section elementor-top-section elementor-element elementor-element-0f3bfd6 elementor-section-boxed elementor-section-height-default elementor-section-height-default\" data-id=\"0f3bfd6\" data-element_type=\"section\" data-settings=\"{&quot;background_background&quot;:&quot;classic&quot;}\">\n\t\t\t\t\t\t<div class=\"elementor-container elementor-column-gap-no\">\n\t\t\t\t\t<div class=\"elementor-column elementor-col-100 elementor-top-column elementor-element elementor-element-161dfb4 animated-slow elementor-invisible\" data-id=\"161dfb4\" data-element_type=\"column\" data-settings=\"{&quot;animation&quot;:&quot;fadeIn&quot;}\">\n\t\t\t<div class=\"elementor-widget-wrap elementor-element-populated\">\n\t\t\t\t\t\t\t\t<div class=\"elementor-element elementor-element-6bc0dee elementor-blockquote--skin-clean elementor-blockquote--align-center elementor-blockquote--button-color-custom elementor-widget elementor-widget-blockquote\" data-id=\"6bc0dee\" data-element_type=\"widget\" data-widget_type=\"blockquote.default\">\n\t\t\t\t<div class=\"elementor-widget-container\">\n\t\t\t<style>\/*! elementor-pro - v3.13.2 - 22-05-2023 *\/\n@charset \"UTF-8\";.entry-content blockquote.elementor-blockquote:not(.alignright):not(.alignleft),.entry-summary blockquote.elementor-blockquote{margin-right:0;margin-left:0}.elementor-widget-blockquote blockquote{margin:0;padding:0;outline:0;font-size:100%;vertical-align:baseline;background:transparent;quotes:none;border:0;font-style:normal;color:#3f444b}.elementor-widget-blockquote blockquote .e-q-footer:after,.elementor-widget-blockquote blockquote .e-q-footer:before,.elementor-widget-blockquote blockquote:after,.elementor-widget-blockquote blockquote:before,.elementor-widget-blockquote blockquote cite:after,.elementor-widget-blockquote blockquote cite:before{content:none}.elementor-blockquote{transition:.3s}.elementor-blockquote__author,.elementor-blockquote__content{margin-bottom:0;font-style:normal}.elementor-blockquote__author{font-weight:700}.elementor-blockquote .e-q-footer{margin-top:12px;display:flex;justify-content:space-between}.elementor-blockquote__tweet-button{display:flex;transition:.3s;color:#1da1f2;align-self:flex-end;line-height:1;position:relative;width:-moz-max-content;width:max-content}.elementor-blockquote__tweet-button:hover{color:#0967a0}.elementor-blockquote__tweet-button span{font-weight:600}.elementor-blockquote__tweet-button i,.elementor-blockquote__tweet-button span{vertical-align:middle}.elementor-blockquote__tweet-button i+span,.elementor-blockquote__tweet-button svg+span{margin-left:.5em}.elementor-blockquote__tweet-button svg{fill:#1da1f2;height:1em;width:1em}.elementor-blockquote__tweet-label{white-space:pre-wrap}.elementor-blockquote--button-skin-bubble .elementor-blockquote__tweet-button,.elementor-blockquote--button-skin-classic .elementor-blockquote__tweet-button{padding:.7em 1.2em;border-radius:100em;background-color:#1da1f2;color:#fff;font-size:15px}.elementor-blockquote--button-skin-bubble .elementor-blockquote__tweet-button:hover,.elementor-blockquote--button-skin-classic .elementor-blockquote__tweet-button:hover{background-color:#0967a0;color:#fff}.elementor-blockquote--button-skin-bubble .elementor-blockquote__tweet-button:hover:before,.elementor-blockquote--button-skin-classic .elementor-blockquote__tweet-button:hover:before{border-right-color:#0967a0}.elementor-blockquote--button-skin-bubble .elementor-blockquote__tweet-button svg,.elementor-blockquote--button-skin-classic .elementor-blockquote__tweet-button svg{fill:#fff;height:1em;width:1em}.elementor-blockquote--button-skin-bubble.elementor-blockquote--button-view-icon .elementor-blockquote__tweet-button,.elementor-blockquote--button-skin-classic.elementor-blockquote--button-view-icon .elementor-blockquote__tweet-button{padding:0;width:2em;height:2em}.elementor-blockquote--button-skin-bubble.elementor-blockquote--button-view-icon .elementor-blockquote__tweet-button i,.elementor-blockquote--button-skin-classic.elementor-blockquote--button-view-icon .elementor-blockquote__tweet-button i{position:absolute;left:50%;top:50%;transform:translate(-50%,-50%)}.elementor-blockquote--button-skin-bubble .elementor-blockquote__tweet-button:before{content:\"\";border:.5em solid transparent;border-right-color:#1da1f2;position:absolute;left:-.8em;top:50%;transform:translateY(-50%) scaleY(.65);transition:.3s}.elementor-blockquote--button-skin-bubble.elementor-blockquote--align-left .elementor-blockquote__tweet-button:before{right:auto;left:-.8em;border-right-color:#1da1f2;border-left-color:transparent}.elementor-blockquote--button-skin-bubble.elementor-blockquote--align-left .elementor-blockquote__tweet-button:hover:before{border-right-color:#0967a0}.elementor-blockquote--button-skin-bubble.elementor-blockquote--align-right .elementor-blockquote__tweet-button:before{left:auto;right:-.8em;border-right-color:transparent;border-left-color:#1da1f2}.elementor-blockquote--button-skin-bubble.elementor-blockquote--align-right .elementor-blockquote__tweet-button:hover:before{border-left-color:#0967a0}.elementor-blockquote--skin-boxed .elementor-blockquote{background-color:#f9fafa;padding:30px}.elementor-blockquote--skin-border .elementor-blockquote{border-color:#f9fafa;border-left:7px #f9fafa;border-style:solid;padding-left:20px}.elementor-blockquote--skin-quotation .elementor-blockquote:before{content:\"\u201c\";font-size:100px;color:#f9fafa;font-family:Times New Roman,Times,serif;font-weight:900;line-height:1;display:block;height:.6em}.elementor-blockquote--skin-quotation .elementor-blockquote__content{margin-top:15px}.elementor-blockquote--align-left .elementor-blockquote__content{text-align:left}.elementor-blockquote--align-left .elementor-blockquote .e-q-footer{flex-direction:row}.elementor-blockquote--align-right .elementor-blockquote__content{text-align:right}.elementor-blockquote--align-right .elementor-blockquote .e-q-footer{flex-direction:row-reverse}.elementor-blockquote--align-center .elementor-blockquote{text-align:center}.elementor-blockquote--align-center .elementor-blockquote .e-q-footer,.elementor-blockquote--align-center .elementor-blockquote__author{display:block}.elementor-blockquote--align-center .elementor-blockquote__tweet-button{margin-right:auto;margin-left:auto}<\/style>\t\t<blockquote class=\"elementor-blockquote\">\n\t\t\t<p class=\"elementor-blockquote__content\">\n\t\t\t\tWenn Ihnen das, was Sie hier gelesen haben, zusagt und Sie sich f\u00fcr ein Treffen oder eine Zusammenarbeit interessieren, z\u00f6gern Sie nicht, mich zu kontaktieren. Ich bin dankbar, Sie auf Ihrem Weg begleiten zu d\u00fcrfen. Bitte denken Sie daran, dass Sie ein Wunder sind und es verdienen, jetzt Ihr volles Potenzial auszusch\u00f6pfen!\t\t\t<\/p>\n\t\t\t\t\t<\/blockquote>\n\t\t\t\t<\/div>\n\t\t\t\t<\/div>\n\t\t\t\t<div class=\"elementor-element elementor-element-bb09794 elementor-blockquote--skin-clean elementor-blockquote--align-center elementor-blockquote--button-color-custom elementor-widget elementor-widget-blockquote\" data-id=\"bb09794\" data-element_type=\"widget\" data-widget_type=\"blockquote.default\">\n\t\t\t\t<div class=\"elementor-widget-container\">\n\t\t\t\t\t<blockquote class=\"elementor-blockquote\">\n\t\t\t<p class=\"elementor-blockquote__content\">\n\t\t\t\tIn Liebe,Anto\n\t\t\t<\/p>\n\t\t\t\t\t<\/blockquote>\n\t\t\t\t<\/div>\n\t\t\t\t<\/div>\n\t\t\t\t\t<\/div>\n\t\t<\/div>\n\t\t\t\t\t\t\t<\/div>\n\t\t<\/section>\n\t\t\t\t\t\t\t<\/div>","protected":false},"excerpt":{"rendered":"<p>Buna! Eu sunt Anto O exploratoare a frumosului, a misterelor vietii si a adevarului dincolo de aparente. Sunt creativa, curioasa si cu o incredere de nezdruncinat in puterea sufletului. Viata m-a provocat cu experiente intense, uneori dureroase, dar in adancul meu am stiut mereu ca fiecare incercare ascunde o lectie valoroasa, menita sa ma apropie&#8230;<\/p>","protected":false},"author":1,"featured_media":0,"parent":0,"menu_order":0,"comment_status":"closed","ping_status":"closed","template":"","meta":{"footnotes":""},"class_list":["post-886","page","type-page","status-publish","hentry"],"_links":{"self":[{"href":"https:\/\/asteleanto.com\/de\/wp-json\/wp\/v2\/pages\/886","targetHints":{"allow":["GET"]}}],"collection":[{"href":"https:\/\/asteleanto.com\/de\/wp-json\/wp\/v2\/pages"}],"about":[{"href":"https:\/\/asteleanto.com\/de\/wp-json\/wp\/v2\/types\/page"}],"author":[{"embeddable":true,"href":"https:\/\/asteleanto.com\/de\/wp-json\/wp\/v2\/users\/1"}],"replies":[{"embeddable":true,"href":"https:\/\/asteleanto.com\/de\/wp-json\/wp\/v2\/comments?post=886"}],"version-history":[{"count":34,"href":"https:\/\/asteleanto.com\/de\/wp-json\/wp\/v2\/pages\/886\/revisions"}],"predecessor-version":[{"id":988144,"href":"https:\/\/asteleanto.com\/de\/wp-json\/wp\/v2\/pages\/886\/revisions\/988144"}],"wp:attachment":[{"href":"https:\/\/asteleanto.com\/de\/wp-json\/wp\/v2\/media?parent=886"}],"curies":[{"name":"wp","href":"https:\/\/api.w.org\/{rel}","templated":true}]}}